{"id":99,"date":"2023-10-19T09:58:23","date_gmt":"2023-10-19T09:58:23","guid":{"rendered":"https:\/\/demo2wpopal.b-cdn.net\/fazfood\/shop\/sleek-rubber-gloves\/"},"modified":"2026-01-31T15:58:32","modified_gmt":"2026-01-31T20:58:32","slug":"fritay","status":"publish","type":"product","link":"https:\/\/goutertropical.ca\/en\/menu\/fritay\/","title":{"rendered":"Repas Fritay"},"content":{"rendered":"<div data-elementor-type=\"wp-post\" data-elementor-id=\"99\" class=\"elementor elementor-99\">\n\t\t\t\t<div class=\"elementor-element elementor-element-66b8afff e-flex e-con-boxed e-con e-parent\" data-id=\"66b8afff\" data-element_type=\"container\" data-e-type=\"container\">\n\t\t\t\t\t<div class=\"e-con-inner\">\n\t\t\t\t<div class=\"elementor-element elementor-element-503468be elementor-widget elementor-widget-text-editor\" data-id=\"503468be\" data-element_type=\"widget\" data-e-type=\"widget\" data-widget_type=\"text-editor.default\">\n\t\t\t\t<div class=\"elementor-widget-container\">\n\t\t\t\t\t\t\t\t\t<p data-start=\"246\" data-end=\"580\">V\u00e9ritable incontournable de la cuisine de rue en Ha\u00efti, le <strong data-start=\"305\" data-end=\"315\">Fritay<\/strong> (qui signifie \u00ab friture \u00bb en Fran\u00e7ais) est un <strong data-start=\"340\" data-end=\"368\">repas g\u00e9n\u00e9reux et festif<\/strong>, compos\u00e9 d\u2019un assortiment d\u2019aliments frits, savoureux et bien relev\u00e9s. C\u2019est l\u2019expression m\u00eame du partage et du go\u00fbt, telle qu\u2019on la retrouve dans les rassemblements populaires ou autour des \u00ab\u00a0ti-machanns\u00a0\u00bb du pays.<\/p>\n<p data-start=\"582\" data-end=\"620\">Notre assiette <strong data-start=\"597\" data-end=\"607\">Fritay<\/strong> comprend :<\/p>\n<ul data-start=\"621\" data-end=\"1062\">\n<li style=\"list-style-type: none;\">\n<ul data-start=\"621\" data-end=\"1062\">\n<li style=\"list-style-type: none;\">\n<ul data-start=\"621\" data-end=\"1062\">\n<li data-start=\"621\" data-end=\"865\">\n<p data-start=\"623\" data-end=\"865\">un <strong data-start=\"626\" data-end=\"645\">choix de viande<\/strong> bien assaisonn\u00e9e :<br data-start=\"682\" data-end=\"685\">\u2003\u2192 <strong data-start=\"688\" data-end=\"713\">Cuisse de poulet frit<\/strong>, <strong data-start=\"715\" data-end=\"739\">cuisse de poulet BBQ<\/strong>, <strong data-start=\"741\" data-end=\"765\">ailes de poulet frit<\/strong>, <strong data-start=\"767\" data-end=\"776\">griot<\/strong> (porc frit),<br data-start=\"789\" data-end=\"792\">\u2003\u2003<strong data-start=\"794\" data-end=\"803\">dinde<\/strong>, <strong data-start=\"805\" data-end=\"825\">tassot de cabrit<\/strong> (ch\u00e8vre), ou <strong data-start=\"845\" data-end=\"863\">tassot de b\u0153uf<\/strong><\/p>\n<\/li>\n<li data-start=\"866\" data-end=\"906\">\n<p data-start=\"868\" data-end=\"906\">des <strong data-start=\"872\" data-end=\"890\">akras ha\u00eftiens<\/strong> croustillants (2)<\/p><\/li><li data-start=\"866\" data-end=\"906\"><p data-start=\"868\" data-end=\"906\">des <strong>marinades&nbsp; <\/strong>(sorte de beignets frits et bien \u00e9pic\u00e9s) (2)<\/p><\/li><li data-start=\"866\" data-end=\"906\"><p data-start=\"868\" data-end=\"906\">un choix de <strong data-start=\"913\" data-end=\"923\">frites<\/strong> ou de <strong data-start=\"927\" data-end=\"968\">bananes plantain frites (bannan peze) <\/strong>(3)<\/p><\/li>\n<li data-start=\"971\" data-end=\"1009\">\n<p data-start=\"973\" data-end=\"1009\">une <strong data-start=\"977\" data-end=\"1007\">salade de macaroni&nbsp;<\/strong><\/p>\n<\/li>\n<li data-start=\"971\" data-end=\"1009\">\n<p data-start=\"973\" data-end=\"1009\">du bon <strong>pikliz <\/strong>pour compl\u00e9ter le tout.<\/p>\n<\/li>\n<\/ul>\n<\/li>\n<\/ul>\n<\/li>\n<\/ul>\n<p data-start=\"1064\" data-end=\"1181\">Croustillant, \u00e9pic\u00e9, r\u00e9confortant : le <strong data-start=\"1103\" data-end=\"1113\">Fritay<\/strong>, c\u2019est toute l\u2019\u00e2me de la cuisine ha\u00eftienne dans une seule assiette.<\/p>\t\t\t\t\t\t\t\t<\/div>\n\t\t\t\t<\/div>\n\t\t\t\t\t<\/div>\n\t\t\t\t<\/div>\n\t\t\t\t<\/div>","protected":false},"excerpt":{"rendered":"<p>Combo Fritay, l&rsquo;assiette 100% croustillante \u00e0 d\u00e9vorer sur place ou pour emporter!<br \/>\nPrix vari\u00e9s selon le choix de viande. Inclus un choix d&rsquo;accompagnement : frites ou bananes plantain (3), akras (2), marinades (2), salade de macaroni et pikliz.<\/p>","protected":false},"featured_media":6578,"template":"","meta":{"jetpack_post_was_ever_published":false},"product_brand":[97],"product_cat":[80,142,33],"product_tag":[113,88,124,86,108,114,85,81,87,82,34,84,125,83],"class_list":{"0":"post-99","1":"product","2":"type-product","3":"status-publish","4":"has-post-thumbnail","6":"product_brand-bak-fritay","7":"product_cat-fritay","8":"product_cat-meilleurs-vendeurs","9":"product_cat-repas-complets","10":"product_tag-ailes-de-poulet","11":"product_tag-akras","12":"product_tag-bbq","13":"product_tag-boeuf","14":"product_tag-cabrit","15":"product_tag-cuisses-de-poulet","16":"product_tag-dinde","17":"product_tag-fritay","18":"product_tag-frites","19":"product_tag-griot","20":"product_tag-plats","21":"product_tag-poulet","22":"product_tag-poulet-frit","23":"product_tag-tassot","25":"first","26":"instock","27":"taxable","28":"shipping-taxable","29":"purchasable","30":"product-type-variable","31":"has-default-attributes"},"jetpack_sharing_enabled":true,"_links":{"self":[{"href":"https:\/\/goutertropical.ca\/en\/wp-json\/wp\/v2\/product\/99","targetHints":{"allow":["GET"]}}],"collection":[{"href":"https:\/\/goutertropical.ca\/en\/wp-json\/wp\/v2\/product"}],"about":[{"href":"https:\/\/goutertropical.ca\/en\/wp-json\/wp\/v2\/types\/product"}],"version-history":[{"count":0,"href":"https:\/\/goutertropical.ca\/en\/wp-json\/wp\/v2\/product\/99\/revisions"}],"wp:featuredmedia":[{"embeddable":true,"href":"https:\/\/goutertropical.ca\/en\/wp-json\/wp\/v2\/media\/6578"}],"wp:attachment":[{"href":"https:\/\/goutertropical.ca\/en\/wp-json\/wp\/v2\/media?parent=99"}],"wp:term":[{"taxonomy":"product_brand","embeddable":true,"href":"https:\/\/goutertropical.ca\/en\/wp-json\/wp\/v2\/product_brand?post=99"},{"taxonomy":"product_cat","embeddable":true,"href":"https:\/\/goutertropical.ca\/en\/wp-json\/wp\/v2\/product_cat?post=99"},{"taxonomy":"product_tag","embeddable":true,"href":"https:\/\/goutertropical.ca\/en\/wp-json\/wp\/v2\/product_tag?post=99"}],"curies":[{"name":"wp","href":"https:\/\/api.w.org\/{rel}","templated":true}]}}