{"id":7805,"date":"2025-09-03T12:29:04","date_gmt":"2025-09-03T16:29:04","guid":{"rendered":"https:\/\/goutertropical.ca\/?post_type=product&#038;p=7805"},"modified":"2026-01-31T15:40:41","modified_gmt":"2026-01-31T20:40:41","slug":"repas-dinde","status":"publish","type":"product","link":"https:\/\/goutertropical.ca\/en\/menu\/repas-dinde\/","title":{"rendered":"Repas dinde"},"content":{"rendered":"<p data-start=\"182\" data-end=\"453\">Choisissez entre nos <strong data-start=\"203\" data-end=\"212\">ailes<\/strong> ou <strong data-start=\"216\" data-end=\"237\">cuisses de poulet<\/strong>, frites ou napp\u00e9es de sauce <strong data-start=\"266\" data-end=\"273\">BBQ<\/strong>, bien assaisonn\u00e9es \u00e0 la cr\u00e9ole. Le tout est servi avec du <strong data-start=\"332\" data-end=\"339\">riz<\/strong>, de la <strong data-start=\"347\" data-end=\"357\">salade<\/strong>, des <strong data-start=\"363\" data-end=\"390\">bananes plantain frites<\/strong>, de la <strong data-start=\"398\" data-end=\"407\">sauce<\/strong> et du <strong data-start=\"414\" data-end=\"424\">pikliz<\/strong> pour relever chaque bouch\u00e9e.<\/p>\n<p data-start=\"455\" data-end=\"503\">Un classique g\u00e9n\u00e9reux, plein de saveurs du pays.<\/p>","protected":false},"excerpt":{"rendered":"<p>Morceaux de dinde frits, accompagn\u00e9s de riz, salade de macaroni, banane plantain (1), sauce et pikliz.<\/p>","protected":false},"featured_media":8096,"template":"","meta":{"jetpack_post_was_ever_published":false},"product_brand":[94],"product_cat":[33],"product_tag":[85,106],"class_list":{"0":"post-7805","1":"product","2":"type-product","3":"status-publish","4":"has-post-thumbnail","6":"product_brand-bokit-manje","7":"product_cat-repas-complets","8":"product_tag-dinde","9":"product_tag-plat-complet","11":"first","12":"instock","13":"taxable","14":"shipping-taxable","15":"purchasable","16":"product-type-simple"},"jetpack_sharing_enabled":true,"_links":{"self":[{"href":"https:\/\/goutertropical.ca\/en\/wp-json\/wp\/v2\/product\/7805","targetHints":{"allow":["GET"]}}],"collection":[{"href":"https:\/\/goutertropical.ca\/en\/wp-json\/wp\/v2\/product"}],"about":[{"href":"https:\/\/goutertropical.ca\/en\/wp-json\/wp\/v2\/types\/product"}],"version-history":[{"count":0,"href":"https:\/\/goutertropical.ca\/en\/wp-json\/wp\/v2\/product\/7805\/revisions"}],"wp:featuredmedia":[{"embeddable":true,"href":"https:\/\/goutertropical.ca\/en\/wp-json\/wp\/v2\/media\/8096"}],"wp:attachment":[{"href":"https:\/\/goutertropical.ca\/en\/wp-json\/wp\/v2\/media?parent=7805"}],"wp:term":[{"taxonomy":"product_brand","embeddable":true,"href":"https:\/\/goutertropical.ca\/en\/wp-json\/wp\/v2\/product_brand?post=7805"},{"taxonomy":"product_cat","embeddable":true,"href":"https:\/\/goutertropical.ca\/en\/wp-json\/wp\/v2\/product_cat?post=7805"},{"taxonomy":"product_tag","embeddable":true,"href":"https:\/\/goutertropical.ca\/en\/wp-json\/wp\/v2\/product_tag?post=7805"}],"curies":[{"name":"wp","href":"https:\/\/api.w.org\/{rel}","templated":true}]}}