{"id":7782,"date":"2025-09-03T10:10:21","date_gmt":"2025-09-03T14:10:21","guid":{"rendered":"https:\/\/goutertropical.ca\/?post_type=product&#038;p=7782"},"modified":"2026-01-31T16:00:52","modified_gmt":"2026-01-31T21:00:52","slug":"marinades","status":"publish","type":"product","link":"https:\/\/goutertropical.ca\/en\/menu\/marinades\/","title":{"rendered":"Marinades"},"content":{"rendered":"","protected":false},"excerpt":{"rendered":"<p>Six d\u00e9licieux beignets sal\u00e9s et croustillants, assaisonn\u00e9s aux \u00e9pices traditionnelles ha\u00eftiennes. Le go\u00fbt authentique des tropiques en une bouch\u00e9e ! Servis avec pikliz.<\/p>","protected":false},"featured_media":8003,"template":"","meta":{"jetpack_post_was_ever_published":false},"product_brand":[95,96],"product_cat":[47,38],"product_tag":[117,116,74,144],"class_list":{"0":"post-7782","1":"product","2":"type-product","3":"status-publish","4":"has-post-thumbnail","6":"product_brand-antre-sou-kote","7":"product_brand-on-ti-xtra","8":"product_cat-entrees","9":"product_cat-extras","10":"product_tag-amuse-gueules","11":"product_tag-appetizers","12":"product_tag-entrees","13":"product_tag-marinades","15":"first","16":"instock","17":"taxable","18":"shipping-taxable","19":"purchasable","20":"product-type-simple"},"jetpack_sharing_enabled":true,"_links":{"self":[{"href":"https:\/\/goutertropical.ca\/en\/wp-json\/wp\/v2\/product\/7782","targetHints":{"allow":["GET"]}}],"collection":[{"href":"https:\/\/goutertropical.ca\/en\/wp-json\/wp\/v2\/product"}],"about":[{"href":"https:\/\/goutertropical.ca\/en\/wp-json\/wp\/v2\/types\/product"}],"version-history":[{"count":0,"href":"https:\/\/goutertropical.ca\/en\/wp-json\/wp\/v2\/product\/7782\/revisions"}],"wp:featuredmedia":[{"embeddable":true,"href":"https:\/\/goutertropical.ca\/en\/wp-json\/wp\/v2\/media\/8003"}],"wp:attachment":[{"href":"https:\/\/goutertropical.ca\/en\/wp-json\/wp\/v2\/media?parent=7782"}],"wp:term":[{"taxonomy":"product_brand","embeddable":true,"href":"https:\/\/goutertropical.ca\/en\/wp-json\/wp\/v2\/product_brand?post=7782"},{"taxonomy":"product_cat","embeddable":true,"href":"https:\/\/goutertropical.ca\/en\/wp-json\/wp\/v2\/product_cat?post=7782"},{"taxonomy":"product_tag","embeddable":true,"href":"https:\/\/goutertropical.ca\/en\/wp-json\/wp\/v2\/product_tag?post=7782"}],"curies":[{"name":"wp","href":"https:\/\/api.w.org\/{rel}","templated":true}]}}