{"id":7219,"date":"2025-08-17T16:46:13","date_gmt":"2025-08-17T20:46:13","guid":{"rendered":"https:\/\/goutertropical.ca\/?post_type=product&#038;p=7219"},"modified":"2026-01-31T16:32:51","modified_gmt":"2026-01-31T21:32:51","slug":"bouillon","status":"publish","type":"product","link":"https:\/\/goutertropical.ca\/en\/menu\/bouillon\/","title":{"rendered":"Bouillon"},"content":{"rendered":"","protected":false},"excerpt":{"rendered":"<p>Combinaison de viande de boeuf, de l\u00e9gumes racines (patates, c\u00e9leris, carottes, ignames) agr\u00e9ment\u00e9e d&rsquo;herbes et d&rsquo;\u00e9pices. Disponible le SAMEDI seulement.<\/p>","protected":false},"featured_media":6843,"template":"","meta":{"jetpack_post_was_ever_published":false},"product_brand":[99],"product_cat":[126],"product_tag":[130,127],"class_list":{"0":"post-7219","1":"product","2":"type-product","3":"status-publish","4":"has-post-thumbnail","6":"product_brand-bouyon-ak-soup","7":"product_cat-soupes","8":"product_tag-potage","9":"product_tag-soupe","11":"first","12":"instock","13":"taxable","14":"shipping-taxable","15":"purchasable","16":"product-type-simple"},"jetpack_sharing_enabled":true,"_links":{"self":[{"href":"https:\/\/goutertropical.ca\/en\/wp-json\/wp\/v2\/product\/7219","targetHints":{"allow":["GET"]}}],"collection":[{"href":"https:\/\/goutertropical.ca\/en\/wp-json\/wp\/v2\/product"}],"about":[{"href":"https:\/\/goutertropical.ca\/en\/wp-json\/wp\/v2\/types\/product"}],"version-history":[{"count":0,"href":"https:\/\/goutertropical.ca\/en\/wp-json\/wp\/v2\/product\/7219\/revisions"}],"wp:featuredmedia":[{"embeddable":true,"href":"https:\/\/goutertropical.ca\/en\/wp-json\/wp\/v2\/media\/6843"}],"wp:attachment":[{"href":"https:\/\/goutertropical.ca\/en\/wp-json\/wp\/v2\/media?parent=7219"}],"wp:term":[{"taxonomy":"product_brand","embeddable":true,"href":"https:\/\/goutertropical.ca\/en\/wp-json\/wp\/v2\/product_brand?post=7219"},{"taxonomy":"product_cat","embeddable":true,"href":"https:\/\/goutertropical.ca\/en\/wp-json\/wp\/v2\/product_cat?post=7219"},{"taxonomy":"product_tag","embeddable":true,"href":"https:\/\/goutertropical.ca\/en\/wp-json\/wp\/v2\/product_tag?post=7219"}],"curies":[{"name":"wp","href":"https:\/\/api.w.org\/{rel}","templated":true}]}}