{"id":6994,"date":"2025-07-23T20:05:24","date_gmt":"2025-07-24T00:05:24","guid":{"rendered":"https:\/\/goutertropical.ca\/?post_type=product&#038;p=6994"},"modified":"2026-01-31T15:43:12","modified_gmt":"2026-01-31T20:43:12","slug":"repas-legumes","status":"publish","type":"product","link":"https:\/\/goutertropical.ca\/en\/menu\/repas-legumes\/","title":{"rendered":"Repas l\u00e9gumes"},"content":{"rendered":"","protected":false},"excerpt":{"rendered":"<p>Touff\u00e9 de l\u00e9gumes au boeuf avec riz, banane plantain (1) et pikliz.<\/p>","protected":false},"featured_media":8089,"template":"","meta":{"jetpack_post_was_ever_published":false},"product_brand":[94],"product_cat":[33],"product_tag":[107,106],"class_list":{"0":"post-6994","1":"product","2":"type-product","3":"status-publish","4":"has-post-thumbnail","6":"product_brand-bokit-manje","7":"product_cat-repas-complets","8":"product_tag-legumes","9":"product_tag-plat-complet","11":"first","12":"instock","13":"taxable","14":"shipping-taxable","15":"purchasable","16":"product-type-simple"},"jetpack_sharing_enabled":true,"_links":{"self":[{"href":"https:\/\/goutertropical.ca\/en\/wp-json\/wp\/v2\/product\/6994","targetHints":{"allow":["GET"]}}],"collection":[{"href":"https:\/\/goutertropical.ca\/en\/wp-json\/wp\/v2\/product"}],"about":[{"href":"https:\/\/goutertropical.ca\/en\/wp-json\/wp\/v2\/types\/product"}],"version-history":[{"count":0,"href":"https:\/\/goutertropical.ca\/en\/wp-json\/wp\/v2\/product\/6994\/revisions"}],"wp:featuredmedia":[{"embeddable":true,"href":"https:\/\/goutertropical.ca\/en\/wp-json\/wp\/v2\/media\/8089"}],"wp:attachment":[{"href":"https:\/\/goutertropical.ca\/en\/wp-json\/wp\/v2\/media?parent=6994"}],"wp:term":[{"taxonomy":"product_brand","embeddable":true,"href":"https:\/\/goutertropical.ca\/en\/wp-json\/wp\/v2\/product_brand?post=6994"},{"taxonomy":"product_cat","embeddable":true,"href":"https:\/\/goutertropical.ca\/en\/wp-json\/wp\/v2\/product_cat?post=6994"},{"taxonomy":"product_tag","embeddable":true,"href":"https:\/\/goutertropical.ca\/en\/wp-json\/wp\/v2\/product_tag?post=6994"}],"curies":[{"name":"wp","href":"https:\/\/api.w.org\/{rel}","templated":true}]}}