{"id":6848,"date":"2025-07-11T20:53:41","date_gmt":"2025-07-11T20:53:41","guid":{"rendered":"https:\/\/goutertropical.ca\/?post_type=product&#038;p=6848"},"modified":"2026-01-31T18:43:33","modified_gmt":"2026-01-31T23:43:33","slug":"repas-poulet","status":"publish","type":"product","link":"https:\/\/goutertropical.ca\/en\/menu\/repas-poulet\/","title":{"rendered":"Repas poulet"},"content":{"rendered":"<div data-elementor-type=\"wp-post\" data-elementor-id=\"6848\" class=\"elementor elementor-6848\">\n\t\t\t\t<div class=\"elementor-element elementor-element-708ce124 e-flex e-con-boxed e-con e-parent\" data-id=\"708ce124\" data-element_type=\"container\" data-e-type=\"container\">\n\t\t\t\t\t<div class=\"e-con-inner\">\n\t\t\t\t<div class=\"elementor-element elementor-element-6104432f elementor-widget elementor-widget-text-editor\" data-id=\"6104432f\" data-element_type=\"widget\" data-e-type=\"widget\" data-widget_type=\"text-editor.default\">\n\t\t\t\t<div class=\"elementor-widget-container\">\n\t\t\t\t\t\t\t\t\t<p data-start=\"182\" data-end=\"453\">Choisissez entre nos <strong data-start=\"203\" data-end=\"212\">ailes<\/strong> ou <strong data-start=\"216\" data-end=\"237\">cuisses de poulet<\/strong>, frites ou napp\u00e9es de sauce <strong data-start=\"266\" data-end=\"273\">BBQ<\/strong>, bien assaisonn\u00e9es \u00e0 la cr\u00e9ole. Le tout est servi avec du <strong data-start=\"332\" data-end=\"339\">riz<\/strong>, de la <strong data-start=\"347\" data-end=\"357\">salade<\/strong>, de la banane<strong data-start=\"363\" data-end=\"390\"> plantain<\/strong>, de la <strong data-start=\"398\" data-end=\"407\">sauce<\/strong> et du <strong data-start=\"414\" data-end=\"424\">pikliz<\/strong> pour relever chaque bouch\u00e9e.<\/p><p data-start=\"455\" data-end=\"503\">Un classique g\u00e9n\u00e9reux, plein de saveurs du pays.<\/p>\t\t\t\t\t\t\t\t<\/div>\n\t\t\t\t<\/div>\n\t\t\t\t\t<\/div>\n\t\t\t\t<\/div>\n\t\t\t\t<\/div>","protected":false},"excerpt":{"rendered":"<p>Choix de morceaux de poulet frit ou BBQ accompagn\u00e9s de riz, salade de macaroni, banane plantain (1), sauce et pikliz.<\/p>","protected":false},"featured_media":9234,"template":"","meta":{"jetpack_post_was_ever_published":false},"product_brand":[94],"product_cat":[142,33],"product_tag":[113,114,106,84],"class_list":{"0":"post-6848","1":"product","2":"type-product","3":"status-publish","4":"has-post-thumbnail","6":"product_brand-bokit-manje","7":"product_cat-meilleurs-vendeurs","8":"product_cat-repas-complets","9":"product_tag-ailes-de-poulet","10":"product_tag-cuisses-de-poulet","11":"product_tag-plat-complet","12":"product_tag-poulet","14":"first","15":"instock","16":"taxable","17":"shipping-taxable","18":"purchasable","19":"product-type-variable"},"jetpack_sharing_enabled":true,"_links":{"self":[{"href":"https:\/\/goutertropical.ca\/en\/wp-json\/wp\/v2\/product\/6848","targetHints":{"allow":["GET"]}}],"collection":[{"href":"https:\/\/goutertropical.ca\/en\/wp-json\/wp\/v2\/product"}],"about":[{"href":"https:\/\/goutertropical.ca\/en\/wp-json\/wp\/v2\/types\/product"}],"version-history":[{"count":0,"href":"https:\/\/goutertropical.ca\/en\/wp-json\/wp\/v2\/product\/6848\/revisions"}],"wp:featuredmedia":[{"embeddable":true,"href":"https:\/\/goutertropical.ca\/en\/wp-json\/wp\/v2\/media\/9234"}],"wp:attachment":[{"href":"https:\/\/goutertropical.ca\/en\/wp-json\/wp\/v2\/media?parent=6848"}],"wp:term":[{"taxonomy":"product_brand","embeddable":true,"href":"https:\/\/goutertropical.ca\/en\/wp-json\/wp\/v2\/product_brand?post=6848"},{"taxonomy":"product_cat","embeddable":true,"href":"https:\/\/goutertropical.ca\/en\/wp-json\/wp\/v2\/product_cat?post=6848"},{"taxonomy":"product_tag","embeddable":true,"href":"https:\/\/goutertropical.ca\/en\/wp-json\/wp\/v2\/product_tag?post=6848"}],"curies":[{"name":"wp","href":"https:\/\/api.w.org\/{rel}","templated":true}]}}