{"id":6780,"date":"2025-07-10T22:16:58","date_gmt":"2025-07-10T22:16:58","guid":{"rendered":"https:\/\/goutertropical.ca\/?post_type=product&#038;p=6780"},"modified":"2026-01-31T15:37:57","modified_gmt":"2026-01-31T20:37:57","slug":"pate-kode","status":"publish","type":"product","link":"https:\/\/goutertropical.ca\/en\/menu\/pate-kode\/","title":{"rendered":"Pat\u00e9 K\u00f2d\u00e9"},"content":{"rendered":"<p data-start=\"237\" data-end=\"515\">Star de la street food en Ha\u00efti, le <strong data-start=\"273\" data-end=\"286\">p\u00e2t\u00e9 k\u00f2de<\/strong> est un chausson frit au go\u00fbt inoubliable, croustillant \u00e0 l\u2019ext\u00e9rieur et bien garni \u00e0 l\u2019int\u00e9rieur. Pr\u00e9par\u00e9 avec une p\u00e2te maison dor\u00e9e \u00e0 souhait, il est farci d\u2019un m\u00e9lange savoureux d\u2019\u00e9pices et d\u2019ingr\u00e9dients soigneusement choisis.<\/p>\n<p data-start=\"517\" data-end=\"786\">Chez nous, vous pouvez le d\u00e9guster selon vos envies, avec plusieurs garnitures au choix :<br data-start=\"606\" data-end=\"609\" \/><strong data-start=\"609\" data-end=\"624\">hareng fum\u00e9<\/strong>, <strong data-start=\"626\" data-end=\"636\">poulet<\/strong>, <strong data-start=\"638\" data-end=\"647\">dinde<\/strong>, <strong data-start=\"649\" data-end=\"663\">b\u0153uf hach\u00e9<\/strong>, <strong data-start=\"665\" data-end=\"678\">crevettes<\/strong> ou <strong data-start=\"682\" data-end=\"706\">morue sal\u00e9e \u00e9miett\u00e9e<\/strong> \u2014 chaque bouch\u00e9e est une explosion de saveurs, fid\u00e8le \u00e0 la tradition ha\u00eftienne.<\/p>","protected":false},"excerpt":{"rendered":"<p>P\u00e2t\u00e9 k\u00f2de ha\u00eftien \u2013 Chaud, croustillant et g\u00e9n\u00e9reusement garni (1)<\/p>","protected":false},"featured_media":8004,"template":"","meta":{"jetpack_post_was_ever_published":false},"product_brand":[95,96],"product_cat":[47,38,142,89],"product_tag":[117,116,85,74,119,121,84],"class_list":{"0":"post-6780","1":"product","2":"type-product","3":"status-publish","4":"has-post-thumbnail","6":"product_brand-antre-sou-kote","7":"product_brand-on-ti-xtra","8":"product_cat-entrees","9":"product_cat-extras","10":"product_cat-meilleurs-vendeurs","11":"product_cat-poissons","12":"product_tag-amuse-gueules","13":"product_tag-appetizers","14":"product_tag-dinde","15":"product_tag-entrees","16":"product_tag-hareng","17":"product_tag-morue","18":"product_tag-poulet","20":"first","21":"instock","22":"taxable","23":"shipping-taxable","24":"purchasable","25":"product-type-variable"},"jetpack_sharing_enabled":true,"_links":{"self":[{"href":"https:\/\/goutertropical.ca\/en\/wp-json\/wp\/v2\/product\/6780","targetHints":{"allow":["GET"]}}],"collection":[{"href":"https:\/\/goutertropical.ca\/en\/wp-json\/wp\/v2\/product"}],"about":[{"href":"https:\/\/goutertropical.ca\/en\/wp-json\/wp\/v2\/types\/product"}],"version-history":[{"count":0,"href":"https:\/\/goutertropical.ca\/en\/wp-json\/wp\/v2\/product\/6780\/revisions"}],"wp:featuredmedia":[{"embeddable":true,"href":"https:\/\/goutertropical.ca\/en\/wp-json\/wp\/v2\/media\/8004"}],"wp:attachment":[{"href":"https:\/\/goutertropical.ca\/en\/wp-json\/wp\/v2\/media?parent=6780"}],"wp:term":[{"taxonomy":"product_brand","embeddable":true,"href":"https:\/\/goutertropical.ca\/en\/wp-json\/wp\/v2\/product_brand?post=6780"},{"taxonomy":"product_cat","embeddable":true,"href":"https:\/\/goutertropical.ca\/en\/wp-json\/wp\/v2\/product_cat?post=6780"},{"taxonomy":"product_tag","embeddable":true,"href":"https:\/\/goutertropical.ca\/en\/wp-json\/wp\/v2\/product_tag?post=6780"}],"curies":[{"name":"wp","href":"https:\/\/api.w.org\/{rel}","templated":true}]}}