{"id":6777,"date":"2025-07-10T21:44:25","date_gmt":"2025-07-10T21:44:25","guid":{"rendered":"https:\/\/goutertropical.ca\/?post_type=product&#038;p=6777"},"modified":"2026-01-31T15:38:20","modified_gmt":"2026-01-31T20:38:20","slug":"kibi","status":"publish","type":"product","link":"https:\/\/goutertropical.ca\/en\/menu\/kibi\/","title":{"rendered":"Kibi"},"content":{"rendered":"<p data-start=\"153\" data-end=\"429\">D\u2019origine <strong data-start=\"163\" data-end=\"188\">libanaise et syrienne<\/strong>, les <strong data-start=\"194\" data-end=\"204\">kibbeh <\/strong>(kibis en cr\u00e9ole haitien) ont \u00e9t\u00e9 adopt\u00e9s et adapt\u00e9s en Ha\u00efti, o\u00f9 ils font d\u00e9sormais partie des classiques de la cuisine locale. Ces boulettes en forme d\u2019ovale sont pr\u00e9par\u00e9es avec du <strong data-start=\"362\" data-end=\"389\">bl\u00e9 concass\u00e9 (boulgour)<\/strong> et du <strong data-start=\"396\" data-end=\"426\">b\u0153uf hach\u00e9 bien assaisonn\u00e9<\/strong>.<\/p>\n<p data-start=\"431\" data-end=\"635\">Notre version ha\u00eftienne est parfum\u00e9e avec de l\u2019<strong data-start=\"478\" data-end=\"485\">ail<\/strong>, des <strong data-start=\"491\" data-end=\"502\">oignons<\/strong>, du <strong data-start=\"507\" data-end=\"517\">persil<\/strong> et une touche d\u2019<strong data-start=\"534\" data-end=\"552\">\u00e9pices locales<\/strong>, pour une bouch\u00e9e \u00e0 la fois croustillante \u00e0 l\u2019ext\u00e9rieur et tendre \u00e0 l\u2019int\u00e9rieur.<\/p>\n<p data-start=\"637\" data-end=\"712\">Un d\u00e9licieux mariage de cultures \u00e0 savourer en entr\u00e9e ou en plat principal.<\/p>","protected":false},"excerpt":{"rendered":"<p>Trois boulettes croustillantes au b\u0153uf et au bl\u00e9 concass\u00e9, parfum\u00e9es d&rsquo;\u00e9pices et d&rsquo;herbes. Servies avec pikliz.<\/p>","protected":false},"featured_media":8002,"template":"","meta":{"jetpack_post_was_ever_published":false},"product_brand":[95,96],"product_cat":[47,38],"product_tag":[117,116,74,120],"class_list":{"0":"post-6777","1":"product","2":"type-product","3":"status-publish","4":"has-post-thumbnail","6":"product_brand-antre-sou-kote","7":"product_brand-on-ti-xtra","8":"product_cat-entrees","9":"product_cat-extras","10":"product_tag-amuse-gueules","11":"product_tag-appetizers","12":"product_tag-entrees","13":"product_tag-kibi","15":"first","16":"instock","17":"taxable","18":"shipping-taxable","19":"purchasable","20":"product-type-simple"},"jetpack_sharing_enabled":true,"_links":{"self":[{"href":"https:\/\/goutertropical.ca\/en\/wp-json\/wp\/v2\/product\/6777","targetHints":{"allow":["GET"]}}],"collection":[{"href":"https:\/\/goutertropical.ca\/en\/wp-json\/wp\/v2\/product"}],"about":[{"href":"https:\/\/goutertropical.ca\/en\/wp-json\/wp\/v2\/types\/product"}],"version-history":[{"count":0,"href":"https:\/\/goutertropical.ca\/en\/wp-json\/wp\/v2\/product\/6777\/revisions"}],"wp:featuredmedia":[{"embeddable":true,"href":"https:\/\/goutertropical.ca\/en\/wp-json\/wp\/v2\/media\/8002"}],"wp:attachment":[{"href":"https:\/\/goutertropical.ca\/en\/wp-json\/wp\/v2\/media?parent=6777"}],"wp:term":[{"taxonomy":"product_brand","embeddable":true,"href":"https:\/\/goutertropical.ca\/en\/wp-json\/wp\/v2\/product_brand?post=6777"},{"taxonomy":"product_cat","embeddable":true,"href":"https:\/\/goutertropical.ca\/en\/wp-json\/wp\/v2\/product_cat?post=6777"},{"taxonomy":"product_tag","embeddable":true,"href":"https:\/\/goutertropical.ca\/en\/wp-json\/wp\/v2\/product_tag?post=6777"}],"curies":[{"name":"wp","href":"https:\/\/api.w.org\/{rel}","templated":true}]}}