{"id":6759,"date":"2025-07-10T19:21:08","date_gmt":"2025-07-10T19:21:08","guid":{"rendered":"https:\/\/goutertropical.ca\/?post_type=product&#038;p=6759"},"modified":"2026-01-31T15:38:33","modified_gmt":"2026-01-31T20:38:33","slug":"akras","status":"publish","type":"product","link":"https:\/\/goutertropical.ca\/en\/menu\/akras\/","title":{"rendered":"Akras"},"content":{"rendered":"<p>Croquants \u00e0 l\u2019ext\u00e9rieur, tendres et savoureux \u00e0 l\u2019int\u00e9rieur, nos akras ha\u00eftiens sont de petits beignets frits \u00e0 base de malanga r\u00e2p\u00e9, une racine tropicale pris\u00e9e pour sa texture fondante. Relev\u00e9s d\u2019un m\u00e9lange d\u2019\u00e9pices fra\u00eeches, de persil, d\u2019ail et de piment, ils offrent une explosion de saveurs typiquement cr\u00e9ole \u00e0 chaque bouch\u00e9e.<\/p>\n<p>Parfaits en entr\u00e9e ou en accompagnement, ces bouch\u00e9es gourmandes incarnent la chaleur et la g\u00e9n\u00e9rosit\u00e9 de la cuisine ha\u00eftienne.<\/p>","protected":false},"excerpt":{"rendered":"<p>Six beignets moelleux et croustillants avec pikliz. Un classique savoureux de la cuisine ha\u00eftienne.<\/p>","protected":false},"featured_media":8001,"template":"","meta":{"jetpack_post_was_ever_published":false},"product_brand":[95,96],"product_cat":[47,38,142],"product_tag":[122,88,117,116,74,123],"class_list":{"0":"post-6759","1":"product","2":"type-product","3":"status-publish","4":"has-post-thumbnail","6":"product_brand-antre-sou-kote","7":"product_brand-on-ti-xtra","8":"product_cat-entrees","9":"product_cat-extras","10":"product_cat-meilleurs-vendeurs","11":"product_tag-acras","12":"product_tag-akras","13":"product_tag-amuse-gueules","14":"product_tag-appetizers","15":"product_tag-entrees","16":"product_tag-malanga","18":"first","19":"instock","20":"taxable","21":"shipping-taxable","22":"purchasable","23":"product-type-simple"},"jetpack_sharing_enabled":true,"_links":{"self":[{"href":"https:\/\/goutertropical.ca\/en\/wp-json\/wp\/v2\/product\/6759","targetHints":{"allow":["GET"]}}],"collection":[{"href":"https:\/\/goutertropical.ca\/en\/wp-json\/wp\/v2\/product"}],"about":[{"href":"https:\/\/goutertropical.ca\/en\/wp-json\/wp\/v2\/types\/product"}],"version-history":[{"count":0,"href":"https:\/\/goutertropical.ca\/en\/wp-json\/wp\/v2\/product\/6759\/revisions"}],"wp:featuredmedia":[{"embeddable":true,"href":"https:\/\/goutertropical.ca\/en\/wp-json\/wp\/v2\/media\/8001"}],"wp:attachment":[{"href":"https:\/\/goutertropical.ca\/en\/wp-json\/wp\/v2\/media?parent=6759"}],"wp:term":[{"taxonomy":"product_brand","embeddable":true,"href":"https:\/\/goutertropical.ca\/en\/wp-json\/wp\/v2\/product_brand?post=6759"},{"taxonomy":"product_cat","embeddable":true,"href":"https:\/\/goutertropical.ca\/en\/wp-json\/wp\/v2\/product_cat?post=6759"},{"taxonomy":"product_tag","embeddable":true,"href":"https:\/\/goutertropical.ca\/en\/wp-json\/wp\/v2\/product_tag?post=6759"}],"curies":[{"name":"wp","href":"https:\/\/api.w.org\/{rel}","templated":true}]}}