{"id":7856,"date":"2025-09-03T14:10:29","date_gmt":"2025-09-03T18:10:29","guid":{"rendered":"https:\/\/goutertropical.ca\/?page_id=7856"},"modified":"2025-10-30T03:41:25","modified_gmt":"2025-10-30T07:41:25","slug":"a-propos-de-nous","status":"publish","type":"page","link":"https:\/\/goutertropical.ca\/en\/a-propos-de-nous\/","title":{"rendered":"\u00c0 propos de nous"},"content":{"rendered":"<div data-elementor-type=\"wp-page\" data-elementor-id=\"7856\" class=\"elementor elementor-7856\">\n\t\t\t\t<div class=\"elementor-element elementor-element-b4dea6c e-flex e-con-boxed e-con e-parent\" data-id=\"b4dea6c\" data-element_type=\"container\" data-e-type=\"container\">\n\t\t\t\t\t<div class=\"e-con-inner\">\n\t\t\t\t<div class=\"elementor-element elementor-element-1474dda elementor-widget elementor-widget-spacer\" data-id=\"1474dda\" data-element_type=\"widget\" data-e-type=\"widget\" data-widget_type=\"spacer.default\">\n\t\t\t\t<div class=\"elementor-widget-container\">\n\t\t\t\t\t\t\t<div class=\"elementor-spacer\">\n\t\t\t<div class=\"elementor-spacer-inner\"><\/div>\n\t\t<\/div>\n\t\t\t\t\t\t<\/div>\n\t\t\t\t<\/div>\n\t\t\t\t\t<\/div>\n\t\t\t\t<\/div>\n\t\t<div class=\"elementor-element elementor-element-3c4d907 e-flex e-con-boxed e-con e-parent\" data-id=\"3c4d907\" data-element_type=\"container\" data-e-type=\"container\">\n\t\t\t\t\t<div class=\"e-con-inner\">\n\t\t<div class=\"elementor-element elementor-element-642503d e-con-full e-flex e-con e-child\" data-id=\"642503d\" data-element_type=\"container\" data-e-type=\"container\">\n\t\t\t\t<div class=\"elementor-element elementor-element-8e23dc7 elementor-widget elementor-widget-heading\" data-id=\"8e23dc7\" data-element_type=\"widget\" data-e-type=\"widget\" data-widget_type=\"heading.default\">\n\t\t\t\t<div class=\"elementor-widget-container\">\n\t\t\t\t\t<span class=\"elementor-heading-title elementor-size-default\">istwa pa nou<\/span>\t\t\t\t<\/div>\n\t\t\t\t<\/div>\n\t\t\t\t<div class=\"elementor-element elementor-element-9ef20a1 elementor-widget__width-initial elementor-widget elementor-widget-heading\" data-id=\"9ef20a1\" data-element_type=\"widget\" data-e-type=\"widget\" data-widget_type=\"heading.default\">\n\t\t\t\t<div class=\"elementor-widget-container\">\n\t\t\t\t\t<h2 class=\"elementor-heading-title elementor-size-default\">Notre histoire<\/h2>\t\t\t\t<\/div>\n\t\t\t\t<\/div>\n\t\t\t\t<div class=\"elementor-element elementor-element-7f7af88 elementor-widget__width-initial elementor-widget elementor-widget-text-editor\" data-id=\"7f7af88\" data-element_type=\"widget\" data-e-type=\"widget\" data-widget_type=\"text-editor.default\">\n\t\t\t\t<div class=\"elementor-widget-container\">\n\t\t\t\t\t\t\t\t\t<p>Il y a plus de 10 ans, notre casse-cro\u00fbte\u00a0<span class=\"wixui-rich-text__text\">GO\u00dbTER TROPICAL<\/span>\u00a0voyait le jour au c\u0153ur du quartier cosmopolite de l&rsquo;arrondissement de Montr\u00e9al-Nord. Nous \u00e9tions fiers d\u2019offrir \u00e0 la communaut\u00e9 ha\u00eftienne ainsi qu\u2019aux amateurs de cuisine cr\u00e9ole un espace de restauration rapide, \u00e0 la fois propre et chaleureux, proposant des plats cuisin\u00e9s dans la plus pure tradition ha\u00eftienne pour satisfaire tous les palais.<\/p><p>Aujourd\u2019hui,\u00a0<span class=\"wixui-rich-text__text\">GO\u00dbTER TROPICAL<\/span>\u00a0est reconnu non seulement pour la qualit\u00e9 et la saveur de ses plats, mais aussi pour son service accueillant et la propret\u00e9 irr\u00e9prochable de ses installations. Chaque jour, nous honorons la fid\u00e9lit\u00e9 de notre client\u00e8le en respectant des standards \u00e9lev\u00e9s, tant dans le choix de nos ingr\u00e9dients que dans le soin apport\u00e9 \u00e0 notre cuisine.<\/p>\t\t\t\t\t\t\t\t<\/div>\n\t\t\t\t<\/div>\n\t\t\t\t<\/div>\n\t\t<div class=\"elementor-element elementor-element-4253f43 e-con-full e-flex e-con e-child\" data-id=\"4253f43\" data-element_type=\"container\" data-e-type=\"container\">\n\t\t\t\t<div class=\"elementor-element elementor-element-fc3229a elementor-widget elementor-widget-image\" data-id=\"fc3229a\" data-element_type=\"widget\" data-e-type=\"widget\" data-widget_type=\"image.default\">\n\t\t\t\t<div class=\"elementor-widget-container\">\n\t\t\t\t\t\t\t\t\t\t\t\t\t\t\t<img fetchpriority=\"high\" decoding=\"async\" width=\"501\" height=\"648\" src=\"https:\/\/goutertropical.ca\/wp-content\/uploads\/2025\/09\/image-gen-GT.avif\" class=\"attachment-large size-large wp-image-7859\" alt=\"\" srcset=\"https:\/\/goutertropical.ca\/wp-content\/uploads\/2025\/09\/image-gen-GT.avif 501w, https:\/\/goutertropical.ca\/wp-content\/uploads\/2025\/09\/image-gen-GT-232x300.avif 232w\" sizes=\"(max-width: 501px) 100vw, 501px\" \/>\t\t\t\t\t\t\t\t\t\t\t\t\t\t\t<\/div>\n\t\t\t\t<\/div>\n\t\t\t\t<\/div>\n\t\t\t\t\t<\/div>\n\t\t\t\t<\/div>\n\t\t<div class=\"elementor-element elementor-element-d787602 e-flex e-con-boxed e-con e-parent\" data-id=\"d787602\" data-element_type=\"container\" data-e-type=\"container\">\n\t\t\t\t\t<div class=\"e-con-inner\">\n\t\t\t\t<div class=\"elementor-element elementor-element-f17d7c0 elementor-widget elementor-widget-spacer\" data-id=\"f17d7c0\" data-element_type=\"widget\" data-e-type=\"widget\" data-widget_type=\"spacer.default\">\n\t\t\t\t<div class=\"elementor-widget-container\">\n\t\t\t\t\t\t\t<div class=\"elementor-spacer\">\n\t\t\t<div class=\"elementor-spacer-inner\"><\/div>\n\t\t<\/div>\n\t\t\t\t\t\t<\/div>\n\t\t\t\t<\/div>\n\t\t\t\t\t<\/div>\n\t\t\t\t<\/div>\n\t\t<div class=\"elementor-element elementor-element-121ad7d e-flex e-con-boxed e-con e-parent\" data-id=\"121ad7d\" data-element_type=\"container\" data-e-type=\"container\">\n\t\t\t\t\t<div class=\"e-con-inner\">\n\t\t<div class=\"elementor-element elementor-element-2232e22 e-con-full e-flex e-con e-child\" data-id=\"2232e22\" data-element_type=\"container\" data-e-type=\"container\">\n\t\t\t\t<div class=\"elementor-element elementor-element-afba48f elementor-widget elementor-widget-image\" data-id=\"afba48f\" data-element_type=\"widget\" data-e-type=\"widget\" data-widget_type=\"image.default\">\n\t\t\t\t<div class=\"elementor-widget-container\">\n\t\t\t\t\t\t\t\t\t\t\t\t\t\t\t<img decoding=\"async\" width=\"482\" height=\"517\" src=\"https:\/\/goutertropical.ca\/wp-content\/uploads\/2025\/09\/Chef-GT.avif\" class=\"attachment-large size-large wp-image-7858\" alt=\"\" srcset=\"https:\/\/goutertropical.ca\/wp-content\/uploads\/2025\/09\/Chef-GT.avif 482w, https:\/\/goutertropical.ca\/wp-content\/uploads\/2025\/09\/Chef-GT-280x300.avif 280w\" sizes=\"(max-width: 482px) 100vw, 482px\" \/>\t\t\t\t\t\t\t\t\t\t\t\t\t\t\t<\/div>\n\t\t\t\t<\/div>\n\t\t\t\t<\/div>\n\t\t<div class=\"elementor-element elementor-element-a1864fa e-con-full e-flex e-con e-child\" data-id=\"a1864fa\" data-element_type=\"container\" data-e-type=\"container\">\n\t\t\t\t<div class=\"elementor-element elementor-element-916c374 elementor-widget elementor-widget-heading\" data-id=\"916c374\" data-element_type=\"widget\" data-e-type=\"widget\" data-widget_type=\"heading.default\">\n\t\t\t\t<div class=\"elementor-widget-container\">\n\t\t\t\t\t<span class=\"elementor-heading-title elementor-size-default\">Rich\u00e8s pa nou<\/span>\t\t\t\t<\/div>\n\t\t\t\t<\/div>\n\t\t\t\t<div class=\"elementor-element elementor-element-06cdf96 elementor-widget__width-initial elementor-widget elementor-widget-heading\" data-id=\"06cdf96\" data-element_type=\"widget\" data-e-type=\"widget\" data-widget_type=\"heading.default\">\n\t\t\t\t<div class=\"elementor-widget-container\">\n\t\t\t\t\t<h2 class=\"elementor-heading-title elementor-size-default\">Notre Richesse<\/h2>\t\t\t\t<\/div>\n\t\t\t\t<\/div>\n\t\t\t\t<div class=\"elementor-element elementor-element-773b6bc elementor-widget__width-initial elementor-widget elementor-widget-text-editor\" data-id=\"773b6bc\" data-element_type=\"widget\" data-e-type=\"widget\" data-widget_type=\"text-editor.default\">\n\t\t\t\t<div class=\"elementor-widget-container\">\n\t\t\t\t\t\t\t\t\t<p style=\"text-align: center;\">Plus qu\u2019un simple casse-cro\u00fbte, GO\u00dbTER TROPICAL, c\u2019est avant tout une passion pour le travail bien fait et une \u00e9quipe d\u00e9vou\u00e9e. Avec deux succursales et 24 employ\u00e9s engag\u00e9s, nous mettons tout en \u0153uvre pour offrir le meilleur \u00e0 nos clients et contribuer au succ\u00e8s d\u2019une entreprise en pleine croissance.<\/p><p>Bien ancr\u00e9 dans une communaut\u00e9 dynamique en qu\u00eate de mod\u00e8les de r\u00e9ussite, GO\u00dbTER TROPICAL incarne une vision tourn\u00e9e vers l\u2019avenir. Nous redoublons d\u2019efforts pour faire conna\u00eetre notre savoir-faire et accro\u00eetre notre notori\u00e9t\u00e9, faisant de notre succ\u00e8s une v\u00e9ritable fiert\u00e9 partag\u00e9e. Nous aspirons \u00e0 continuer de grandir et d\u2019innover, tout en restant \u00e0 l\u2019\u00e9coute des go\u00fbts et des attentes de notre pr\u00e9cieuse client\u00e8le.<\/p>\t\t\t\t\t\t\t\t<\/div>\n\t\t\t\t<\/div>\n\t\t\t\t<\/div>\n\t\t\t\t\t<\/div>\n\t\t\t\t<\/div>\n\t\t<div class=\"elementor-element elementor-element-c26fc04 e-flex e-con-boxed e-con e-parent\" data-id=\"c26fc04\" data-element_type=\"container\" data-e-type=\"container\">\n\t\t\t\t\t<div class=\"e-con-inner\">\n\t\t\t\t<div class=\"elementor-element elementor-element-e21924d elementor-widget elementor-widget-spacer\" data-id=\"e21924d\" data-element_type=\"widget\" data-e-type=\"widget\" data-widget_type=\"spacer.default\">\n\t\t\t\t<div class=\"elementor-widget-container\">\n\t\t\t\t\t\t\t<div class=\"elementor-spacer\">\n\t\t\t<div class=\"elementor-spacer-inner\"><\/div>\n\t\t<\/div>\n\t\t\t\t\t\t<\/div>\n\t\t\t\t<\/div>\n\t\t\t\t\t<\/div>\n\t\t\t\t<\/div>\n\t\t\t\t<\/div>","protected":false},"excerpt":{"rendered":"<p>istwa pa nou Notre histoire Il y a plus de 10 ans, notre casse-cro\u00fbte\u00a0GO\u00dbTER TROPICAL\u00a0voyait le jour au c\u0153ur du quartier cosmopolite de l&rsquo;arrondissement de Montr\u00e9al-Nord. Nous \u00e9tions fiers d\u2019offrir \u00e0 la communaut\u00e9 ha\u00eftienne ainsi qu\u2019aux amateurs de cuisine cr\u00e9ole un espace de restauration rapide, \u00e0 la fois propre et chaleureux, proposant des plats cuisin\u00e9s [&hellip;]<\/p>\n","protected":false},"author":3,"featured_media":0,"parent":0,"menu_order":0,"comment_status":"closed","ping_status":"closed","template":"template-homepage.php","meta":{"jetpack_post_was_ever_published":false,"footnotes":""},"class_list":["post-7856","page","type-page","status-publish","hentry"],"jetpack_sharing_enabled":true,"_links":{"self":[{"href":"https:\/\/goutertropical.ca\/en\/wp-json\/wp\/v2\/pages\/7856","targetHints":{"allow":["GET"]}}],"collection":[{"href":"https:\/\/goutertropical.ca\/en\/wp-json\/wp\/v2\/pages"}],"about":[{"href":"https:\/\/goutertropical.ca\/en\/wp-json\/wp\/v2\/types\/page"}],"author":[{"embeddable":true,"href":"https:\/\/goutertropical.ca\/en\/wp-json\/wp\/v2\/users\/3"}],"replies":[{"embeddable":true,"href":"https:\/\/goutertropical.ca\/en\/wp-json\/wp\/v2\/comments?post=7856"}],"version-history":[{"count":0,"href":"https:\/\/goutertropical.ca\/en\/wp-json\/wp\/v2\/pages\/7856\/revisions"}],"wp:attachment":[{"href":"https:\/\/goutertropical.ca\/en\/wp-json\/wp\/v2\/media?parent=7856"}],"curies":[{"name":"wp","href":"https:\/\/api.w.org\/{rel}","templated":true}]}}