{"id":6487,"date":"2023-10-17T09:07:41","date_gmt":"2023-10-17T09:07:41","guid":{"rendered":"https:\/\/demo2wpopal.b-cdn.net\/fazfood\/?page_id=16"},"modified":"2025-09-11T17:42:07","modified_gmt":"2025-09-11T21:42:07","slug":"mon-compte-2","status":"publish","type":"page","link":"https:\/\/goutertropical.ca\/en\/mon-compte-2\/","title":{"rendered":"Mon compte"},"content":{"rendered":"<div class=\"woocommerce\"><div class=\"woocommerce-notices-wrapper\"><\/div>\n\n<div class=\"u-columns col2-set\" id=\"customer_login\">\n\n    <div class=\"u-column1 login-form-col col-1\">\n\n\t\t\n        <form class=\"woocommerce-form woocommerce-form-login login\" method=\"post\">\n\n\t\t\t            <div class=\"woocommerce-form-login-wrap\">\n                <h2 class=\"login-form-title\">Login<\/h2>\n                <p class=\"woocommerce-form-row woocommerce-form-row--wide form-row form-row-wide\">\n                    <label for=\"username\">Username or email address                        &nbsp;<span class=\"required\">*<\/span><\/label>\n                    <input type=\"text\" class=\"woocommerce-Input woocommerce-Input--text input-text\" name=\"username\" id=\"username\" autocomplete=\"username\" value=\"\" placeholder=\"Enter your username or email address...\"\/>                <\/p>\n                <p class=\"woocommerce-form-row woocommerce-form-row--wide form-row form-row-wide\">\n                    <label for=\"password\">Password                        &nbsp;<span class=\"required\">*<\/span><\/label>\n                    <input class=\"woocommerce-Input woocommerce-Input--text input-text\" type=\"password\" name=\"password\" id=\"password\" autocomplete=\"current-password\" placeholder=\"Enter your password...\"\/>\n                <\/p>\n\t\t\t\t<label class=\"woocommerce-form__label woocommerce-form__label-for-checkbox woocommerce-form-login__rememberme\">\n\t\t\t\t\t<input class=\"woocommerce-form__input woocommerce-form__input-checkbox\" name=\"rememberme\" type=\"checkbox\" id=\"rememberme\" value=\"forever\"\/>\n\t\t\t\t\t<span>Remember me<\/span>\n\t\t\t\t<\/label>\n\t\t\t\t<input type=\"hidden\" id=\"woocommerce-login-nonce\" name=\"woocommerce-login-nonce\" value=\"f4c3de669f\" \/><input type=\"hidden\" name=\"_wp_http_referer\" value=\"\/en\/wp-json\/wp\/v2\/pages\/6487\" \/>\n\t\t\t\t<p class=\"woocommerce-LostPassword lost_password\">\n\t\t\t\t\t<a href=\"https:\/\/goutertropical.ca\/en\/mon-compte\/lost-password\/\">Lost your password?<\/a>\n\t\t\t\t<\/p>\n\t\t\t\t                <button type=\"submit\" class=\"woocommerce-button button woocommerce-form-login__submit\" name=\"login\" value=\"Log in\">Log in<\/button>\n            <\/div>\n\n\n\t\t\t\n        <\/form>\n\n\t\t\n    <\/div>\n\n    <div class=\"u-column2 col-2\">\n\n\n        <form method=\"post\" class=\"woocommerce-form woocommerce-form-register register\"  >\n\n\t\t\t            <h2 class=\"register-from-title\">Register<\/h2>\n\n\t\t\t\n            <p class=\"woocommerce-form-row woocommerce-form-row--wide form-row form-row-wide\">\n                <label for=\"reg_email\">Email address                    &nbsp;<span class=\"required\">*<\/span><\/label>\n                <input type=\"email\" class=\"woocommerce-Input woocommerce-Input--text input-text\" name=\"email\" id=\"reg_email\" autocomplete=\"email\" value=\"\" placeholder=\"Enter your email...\"\/>            <\/p>\n\n\t\t\t\n                <p>A password will be sent to your email address.<\/p>\n\n\t\t\t\n\t\t\t<wc-order-attribution-inputs><\/wc-order-attribution-inputs><div class=\"woocommerce-privacy-policy-text\"><p>Vos donn\u00e9es personnelles seront utilis\u00e9es pour am\u00e9liorer votre exp\u00e9rience sur ce site, g\u00e9rer l'acc\u00e8s \u00e0 votre compte et \u00e0 d'autres fins d\u00e9crites dans notre [politique de confidentialit\u00e9].<\/p>\n<\/div>\n            <p class=\"woocommerce-FormRow form-row\">\n\t\t\t\t<input type=\"hidden\" id=\"woocommerce-register-nonce\" name=\"woocommerce-register-nonce\" value=\"266fe273cd\" \/><input type=\"hidden\" name=\"_wp_http_referer\" value=\"\/en\/wp-json\/wp\/v2\/pages\/6487\" \/>                <button type=\"submit\" class=\"woocommerce-Button woocommerce-button button woocommerce-form-register__submit\" name=\"register\" value=\"Register\">Register<\/button>\n            <\/p>\n\n\t\t\t\n        <\/form>\n\n    <\/div>\n\n<\/div>\n\n<\/div>\n","protected":false},"excerpt":{"rendered":"","protected":false},"author":3,"featured_media":0,"parent":0,"menu_order":0,"comment_status":"closed","ping_status":"closed","template":"","meta":{"jetpack_post_was_ever_published":false,"footnotes":""},"class_list":["post-6487","page","type-page","status-publish","hentry"],"jetpack_sharing_enabled":true,"_links":{"self":[{"href":"https:\/\/goutertropical.ca\/en\/wp-json\/wp\/v2\/pages\/6487","targetHints":{"allow":["GET"]}}],"collection":[{"href":"https:\/\/goutertropical.ca\/en\/wp-json\/wp\/v2\/pages"}],"about":[{"href":"https:\/\/goutertropical.ca\/en\/wp-json\/wp\/v2\/types\/page"}],"author":[{"embeddable":true,"href":"https:\/\/goutertropical.ca\/en\/wp-json\/wp\/v2\/users\/3"}],"replies":[{"embeddable":true,"href":"https:\/\/goutertropical.ca\/en\/wp-json\/wp\/v2\/comments?post=6487"}],"version-history":[{"count":0,"href":"https:\/\/goutertropical.ca\/en\/wp-json\/wp\/v2\/pages\/6487\/revisions"}],"wp:attachment":[{"href":"https:\/\/goutertropical.ca\/en\/wp-json\/wp\/v2\/media?parent=6487"}],"curies":[{"name":"wp","href":"https:\/\/api.w.org\/{rel}","templated":true}]}}